{"id":26654,"date":"2023-08-23T13:13:38","date_gmt":"2023-08-23T17:13:38","guid":{"rendered":"https:\/\/www.greffecheveuxpai.com\/?page_id=26654"},"modified":"2023-10-02T10:10:52","modified_gmt":"2023-10-02T14:10:52","slug":"hair-loss-products","status":"publish","type":"page","link":"https:\/\/www.greffecheveuxpai.com\/en\/hair-loss-products\/","title":{"rendered":"Hair Care Products"},"content":{"rendered":"\t\t<div data-elementor-type=\"wp-page\" data-elementor-id=\"26654\" class=\"elementor elementor-26654 elementor-26653\" data-elementor-post-type=\"page\">\n\t\t\t\t\t\t<section class=\"elementor-section elementor-top-section elementor-element elementor-element-5090b293 elementor-section-boxed elementor-section-height-default elementor-section-height-default\" data-id=\"5090b293\" data-element_type=\"section\" data-e-type=\"section\">\n\t\t\t\t\t\t<div class=\"elementor-container elementor-column-gap-default\">\n\t\t\t\t\t<div class=\"elementor-column elementor-col-100 elementor-top-column elementor-element elementor-element-61081c4c\" data-id=\"61081c4c\" data-element_type=\"column\" data-e-type=\"column\">\n\t\t\t<div class=\"elementor-widget-wrap elementor-element-populated\">\n\t\t\t\t\t\t<div class=\"elementor-element elementor-element-36bcfe5f elementor--h-position-left elementor--v-position-middle elementor-arrows-position-inside elementor-pagination-position-inside elementor-widget elementor-widget-slides\" data-id=\"36bcfe5f\" data-element_type=\"widget\" data-e-type=\"widget\" data-settings=\"{&quot;navigation&quot;:&quot;both&quot;,&quot;autoplay&quot;:&quot;yes&quot;,&quot;pause_on_hover&quot;:&quot;yes&quot;,&quot;pause_on_interaction&quot;:&quot;yes&quot;,&quot;autoplay_speed&quot;:5000,&quot;infinite&quot;:&quot;yes&quot;,&quot;transition&quot;:&quot;slide&quot;,&quot;transition_speed&quot;:500}\" data-widget_type=\"slides.default\">\n\t\t\t\t<div class=\"elementor-widget-container\">\n\t\t\t\t\t\t\t\t\t<div class=\"elementor-swiper\">\n\t\t\t\t\t<div class=\"elementor-slides-wrapper elementor-main-swiper swiper\" role=\"region\" aria-roledescription=\"carousel\" aria-label=\"Slides\" dir=\"ltr\" data-animation=\"fadeInUp\">\n\t\t\t\t<div class=\"swiper-wrapper elementor-slides\">\n\t\t\t\t\t\t\t\t\t\t<div class=\"elementor-repeater-item-2b0fdaa swiper-slide\" role=\"group\" aria-roledescription=\"slide\"><div class=\"swiper-slide-bg\" role=\"img\" aria-label=\"produits-capillaires\"><\/div><div class=\"swiper-slide-inner\" ><div class=\"swiper-slide-contents\"><div class=\"elementor-slide-description\"><h1>Hair Care Products<\/h1><\/div><\/div><\/div><\/div>\t\t\t\t<\/div>\n\t\t\t\t\t\t\t<\/div>\n\t\t\t\t<\/div>\n\t\t\t\t\t\t\t\t<\/div>\n\t\t\t\t<\/div>\n\t\t\t\t\t<\/div>\n\t\t<\/div>\n\t\t\t\t\t<\/div>\n\t\t<\/section>\n\t\t\t\t<section class=\"elementor-section elementor-top-section elementor-element elementor-element-5b09e52d elementor-section-full_width elementor-section-height-default elementor-section-height-default\" data-id=\"5b09e52d\" data-element_type=\"section\" data-e-type=\"section\">\n\t\t\t\t\t\t<div class=\"elementor-container elementor-column-gap-wide\">\n\t\t\t\t\t<div class=\"elementor-column elementor-col-100 elementor-top-column elementor-element elementor-element-67036065\" data-id=\"67036065\" data-element_type=\"column\" data-e-type=\"column\">\n\t\t\t<div class=\"elementor-widget-wrap elementor-element-populated\">\n\t\t\t\t\t\t<section class=\"elementor-section elementor-inner-section elementor-element elementor-element-40b67f9 elementor-reverse-tablet elementor-reverse-mobile elementor-section-boxed elementor-section-height-default elementor-section-height-default\" data-id=\"40b67f9\" data-element_type=\"section\" data-e-type=\"section\">\n\t\t\t\t\t\t<div class=\"elementor-container elementor-column-gap-default\">\n\t\t\t\t\t<div class=\"elementor-column elementor-col-50 elementor-inner-column elementor-element elementor-element-aa708cd\" data-id=\"aa708cd\" data-element_type=\"column\" data-e-type=\"column\">\n\t\t\t<div class=\"elementor-widget-wrap elementor-element-populated\">\n\t\t\t\t\t\t<div class=\"elementor-element elementor-element-31aa509 elementor-hidden-desktop elementor-hidden-laptop elementor-widget elementor-widget-image\" data-id=\"31aa509\" data-element_type=\"widget\" data-e-type=\"widget\" data-widget_type=\"image.default\">\n\t\t\t\t<div class=\"elementor-widget-container\">\n\t\t\t\t\t\t\t\t\t\t\t\t\t\t\t<img fetchpriority=\"high\" decoding=\"async\" width=\"1024\" height=\"744\" src=\"https:\/\/www.greffecheveuxpai.com\/wp-content\/uploads\/2023\/08\/capilactif-1024x744.png\" class=\"attachment-large size-large wp-image-26661\" alt=\"Les produits CAPIL\u2019ACTIF\" srcset=\"https:\/\/www.greffecheveuxpai.com\/wp-content\/uploads\/2023\/08\/capilactif-1024x744.png 1024w, https:\/\/www.greffecheveuxpai.com\/wp-content\/uploads\/2023\/08\/capilactif-300x218.png 300w, https:\/\/www.greffecheveuxpai.com\/wp-content\/uploads\/2023\/08\/capilactif-768x558.png 768w, https:\/\/www.greffecheveuxpai.com\/wp-content\/uploads\/2023\/08\/capilactif.png 1100w\" sizes=\"(max-width: 1024px) 100vw, 1024px\" \/>\t\t\t\t\t\t\t\t\t\t\t\t\t\t\t<\/div>\n\t\t\t\t<\/div>\n\t\t\t\t\t<\/div>\n\t\t<\/div>\n\t\t\t\t<div class=\"elementor-column elementor-col-50 elementor-inner-column elementor-element elementor-element-e94550b\" data-id=\"e94550b\" data-element_type=\"column\" data-e-type=\"column\">\n\t\t\t<div class=\"elementor-widget-wrap elementor-element-populated\">\n\t\t\t\t\t\t<div class=\"elementor-element elementor-element-db0a5ba elementor-widget elementor-widget-heading\" data-id=\"db0a5ba\" data-element_type=\"widget\" data-e-type=\"widget\" data-widget_type=\"heading.default\">\n\t\t\t\t<div class=\"elementor-widget-container\">\n\t\t\t\t\t<p class=\"elementor-heading-title elementor-size-default\">CAPIL'ACTIF<\/p>\t\t\t\t<\/div>\n\t\t\t\t<\/div>\n\t\t\t\t<div class=\"elementor-element elementor-element-4ccb409f elementor-widget elementor-widget-heading\" data-id=\"4ccb409f\" data-element_type=\"widget\" data-e-type=\"widget\" data-widget_type=\"heading.default\">\n\t\t\t\t<div class=\"elementor-widget-container\">\n\t\t\t\t\t<h2 class=\"elementor-heading-title elementor-size-default\">An Exceptional Hair Care Line<\/h2>\t\t\t\t<\/div>\n\t\t\t\t<\/div>\n\t\t\t\t<div class=\"elementor-element elementor-element-7e4b548e elementor-widget elementor-widget-text-editor\" data-id=\"7e4b548e\" data-element_type=\"widget\" data-e-type=\"widget\" data-widget_type=\"text-editor.default\">\n\t\t\t\t<div class=\"elementor-widget-container\">\n\t\t\t\t\t\t\t\t\t<p>Formulated by a specialized laboratory under the supervision of pharmacists, biochemists, and hair experts, the CAPIL&#8217;ACTIF line of hair care products combines the incredible properties of plants with the most effective active ingredients to offer remarkable beauty and vitality to your hair.\u00a0<\/p><p>Whether you have dry or oily hair, a scalp prone to dandruff, issues with itching, or even hair loss, the experts at CAPIL&#8217;ACTIF make their expertise, knowledge, and craftsmanship available to you. Your hair will regain renewed strength and energy.<\/p>\t\t\t\t\t\t\t\t<\/div>\n\t\t\t\t<\/div>\n\t\t\t\t<div class=\"elementor-element elementor-element-57577eb elementor-widget elementor-widget-button\" data-id=\"57577eb\" data-element_type=\"widget\" data-e-type=\"widget\" data-widget_type=\"button.default\">\n\t\t\t\t<div class=\"elementor-widget-container\">\n\t\t\t\t\t\t\t\t\t<div class=\"elementor-button-wrapper\">\n\t\t\t\t\t<a class=\"elementor-button elementor-button-link elementor-size-sm\" href=\"https:\/\/capilactif.ca\/\" target=\"_blank\">\n\t\t\t\t\t\t<span class=\"elementor-button-content-wrapper\">\n\t\t\t\t\t\t\t\t\t<span class=\"elementor-button-text\">Discover CAPIL'ACTIF products.<\/span>\n\t\t\t\t\t<\/span>\n\t\t\t\t\t<\/a>\n\t\t\t\t<\/div>\n\t\t\t\t\t\t\t\t<\/div>\n\t\t\t\t<\/div>\n\t\t\t\t\t<\/div>\n\t\t<\/div>\n\t\t\t\t\t<\/div>\n\t\t<\/section>\n\t\t\t\t<div class=\"elementor-element elementor-element-80889c5 elementor-absolute elementor-hidden-tablet elementor-hidden-mobile elementor-widget elementor-widget-image\" data-id=\"80889c5\" data-element_type=\"widget\" data-e-type=\"widget\" data-settings=\"{&quot;_position&quot;:&quot;absolute&quot;}\" data-widget_type=\"image.default\">\n\t\t\t\t<div class=\"elementor-widget-container\">\n\t\t\t\t\t\t\t\t\t\t\t\t\t\t\t<img fetchpriority=\"high\" decoding=\"async\" width=\"1024\" height=\"744\" src=\"https:\/\/www.greffecheveuxpai.com\/wp-content\/uploads\/2023\/08\/capilactif-1024x744.png\" class=\"attachment-large size-large wp-image-26661\" alt=\"Les produits CAPIL\u2019ACTIF\" srcset=\"https:\/\/www.greffecheveuxpai.com\/wp-content\/uploads\/2023\/08\/capilactif-1024x744.png 1024w, https:\/\/www.greffecheveuxpai.com\/wp-content\/uploads\/2023\/08\/capilactif-300x218.png 300w, https:\/\/www.greffecheveuxpai.com\/wp-content\/uploads\/2023\/08\/capilactif-768x558.png 768w, https:\/\/www.greffecheveuxpai.com\/wp-content\/uploads\/2023\/08\/capilactif.png 1100w\" sizes=\"(max-width: 1024px) 100vw, 1024px\" \/>\t\t\t\t\t\t\t\t\t\t\t\t\t\t\t<\/div>\n\t\t\t\t<\/div>\n\t\t\t\t\t<\/div>\n\t\t<\/div>\n\t\t\t\t\t<\/div>\n\t\t<\/section>\n\t\t\t\t<section class=\"elementor-section elementor-top-section elementor-element elementor-element-dd7e5a8 elementor-section-boxed elementor-section-height-default elementor-section-height-default\" data-id=\"dd7e5a8\" data-element_type=\"section\" data-e-type=\"section\">\n\t\t\t\t\t\t<div class=\"elementor-container elementor-column-gap-default\">\n\t\t\t\t\t<div class=\"elementor-column elementor-col-100 elementor-top-column elementor-element elementor-element-c6b8237\" data-id=\"c6b8237\" data-element_type=\"column\" data-e-type=\"column\">\n\t\t\t<div class=\"elementor-widget-wrap elementor-element-populated\">\n\t\t\t\t\t\t<div class=\"elementor-element elementor-element-a4ebd77 elementor-widget elementor-widget-spacer\" data-id=\"a4ebd77\" data-element_type=\"widget\" data-e-type=\"widget\" data-widget_type=\"spacer.default\">\n\t\t\t\t<div class=\"elementor-widget-container\">\n\t\t\t\t\t\t\t<div class=\"elementor-spacer\">\n\t\t\t<div class=\"elementor-spacer-inner\"><\/div>\n\t\t<\/div>\n\t\t\t\t\t\t<\/div>\n\t\t\t\t<\/div>\n\t\t\t\t\t<\/div>\n\t\t<\/div>\n\t\t\t\t\t<\/div>\n\t\t<\/section>\n\t\t\t\t<\/div>\n\t\t","protected":false},"excerpt":{"rendered":"<p>Hair Care Products CAPIL&#8217;ACTIF An Exceptional Hair Care Line Formulated by a specialized laboratory under the supervision of pharmacists, biochemists, and hair experts, the CAPIL&#8217;ACTIF line of hair care products combines the incredible properties of plants with the most effective active ingredients to offer remarkable beauty and vitality to your hair.\u00a0 Whether you have dry [&hellip;]<\/p>\n","protected":false},"author":1,"featured_media":0,"parent":0,"menu_order":0,"comment_status":"closed","ping_status":"closed","template":"","meta":{"inline_featured_image":false,"site-sidebar-layout":"no-sidebar","site-content-layout":"page-builder","ast-site-content-layout":"full-width-container","site-content-style":"unboxed","site-sidebar-style":"unboxed","ast-global-header-display":"","ast-banner-title-visibility":"","ast-main-header-display":"","ast-hfb-above-header-display":"","ast-hfb-below-header-display":"","ast-hfb-mobile-header-display":"","site-post-title":"disabled","ast-breadcrumbs-content":"","ast-featured-img":"disabled","footer-sml-layout":"","ast-disable-related-posts":"","theme-transparent-header-meta":"default","adv-header-id-meta":"","stick-header-meta":"default","header-above-stick-meta":"","header-main-stick-meta":"","header-below-stick-meta":"","astra-migrate-meta-layouts":"set","ast-page-background-enabled":"default","ast-page-background-meta":{"desktop":{"background-color":"var(--ast-global-color-4)","background-image":"","background-repeat":"repeat","background-position":"center center","background-size":"auto","background-attachment":"scroll","background-type":"","background-media":"","overlay-type":"","overlay-color":"","overlay-opacity":"","overlay-gradient":""},"tablet":{"background-color":"","background-image":"","background-repeat":"repeat","background-position":"center center","background-size":"auto","background-attachment":"scroll","background-type":"","background-media":"","overlay-type":"","overlay-color":"","overlay-opacity":"","overlay-gradient":""},"mobile":{"background-color":"","background-image":"","background-repeat":"repeat","background-position":"center center","background-size":"auto","background-attachment":"scroll","background-type":"","background-media":"","overlay-type":"","overlay-color":"","overlay-opacity":"","overlay-gradient":""}},"ast-content-background-meta":{"desktop":{"background-color":"var(--ast-global-color-5)","background-image":"","background-repeat":"repeat","background-position":"center center","background-size":"auto","background-attachment":"scroll","background-type":"","background-media":"","overlay-type":"","overlay-color":"","overlay-opacity":"","overlay-gradient":""},"tablet":{"background-color":"var(--ast-global-color-5)","background-image":"","background-repeat":"repeat","background-position":"center center","background-size":"auto","background-attachment":"scroll","background-type":"","background-media":"","overlay-type":"","overlay-color":"","overlay-opacity":"","overlay-gradient":""},"mobile":{"background-color":"var(--ast-global-color-5)","background-image":"","background-repeat":"repeat","background-position":"center center","background-size":"auto","background-attachment":"scroll","background-type":"","background-media":"","overlay-type":"","overlay-color":"","overlay-opacity":"","overlay-gradient":""}},"footnotes":""},"class_list":["post-26654","page","type-page","status-publish","hentry"],"yoast_head":"<!-- This site is optimized with the Yoast SEO plugin v27.4 - https:\/\/yoast.com\/product\/yoast-seo-wordpress\/ -->\n<title>Hair Products against Hair Loss | PAI Medical Group<\/title>\n<meta name=\"description\" content=\"Looking for hair loss products? We offer Capil&#039;actif and Capilicare products that can help slow hair loss.\" \/>\n<meta name=\"robots\" content=\"index, follow, max-snippet:-1, max-image-preview:large, max-video-preview:-1\" \/>\n<link rel=\"canonical\" href=\"https:\/\/www.greffecheveuxpai.com\/en\/hair-loss-products\/\" \/>\n<meta property=\"og:locale\" content=\"en_US\" \/>\n<meta property=\"og:type\" content=\"article\" \/>\n<meta property=\"og:title\" content=\"Hair Products against Hair Loss | PAI Medical Group\" \/>\n<meta property=\"og:description\" content=\"Looking for hair loss products? We offer Capil&#039;actif and Capilicare products that can help slow hair loss.\" \/>\n<meta property=\"og:url\" content=\"https:\/\/www.greffecheveuxpai.com\/en\/hair-loss-products\/\" \/>\n<meta property=\"og:site_name\" content=\"Groupe M\u00e9dical PAI\" \/>\n<meta property=\"article:publisher\" content=\"https:\/\/www.facebook.com\/GroupeMedicalPAI\" \/>\n<meta property=\"article:modified_time\" content=\"2023-10-02T14:10:52+00:00\" \/>\n<meta property=\"og:image\" content=\"https:\/\/www.greffecheveuxpai.com\/wp-content\/uploads\/2023\/08\/capilactif-1024x744.png\" \/>\n<meta name=\"twitter:card\" content=\"summary_large_image\" \/>\n<meta name=\"twitter:label1\" content=\"Est. reading time\" \/>\n\t<meta name=\"twitter:data1\" content=\"1 minute\" \/>\n<script type=\"application\/ld+json\" class=\"yoast-schema-graph\">{\"@context\":\"https:\\\/\\\/schema.org\",\"@graph\":[{\"@type\":\"WebPage\",\"@id\":\"https:\\\/\\\/www.greffecheveuxpai.com\\\/en\\\/hair-loss-products\\\/\",\"url\":\"https:\\\/\\\/www.greffecheveuxpai.com\\\/en\\\/hair-loss-products\\\/\",\"name\":\"Hair Products against Hair Loss | PAI Medical Group\",\"isPartOf\":{\"@id\":\"https:\\\/\\\/www.greffecheveuxpai.com\\\/en\\\/#website\"},\"primaryImageOfPage\":{\"@id\":\"https:\\\/\\\/www.greffecheveuxpai.com\\\/en\\\/hair-loss-products\\\/#primaryimage\"},\"image\":{\"@id\":\"https:\\\/\\\/www.greffecheveuxpai.com\\\/en\\\/hair-loss-products\\\/#primaryimage\"},\"thumbnailUrl\":\"https:\\\/\\\/www.greffecheveuxpai.com\\\/wp-content\\\/uploads\\\/2023\\\/08\\\/capilactif-1024x744.png\",\"datePublished\":\"2023-08-23T17:13:38+00:00\",\"dateModified\":\"2023-10-02T14:10:52+00:00\",\"description\":\"Looking for hair loss products? We offer Capil'actif and Capilicare products that can help slow hair loss.\",\"breadcrumb\":{\"@id\":\"https:\\\/\\\/www.greffecheveuxpai.com\\\/en\\\/hair-loss-products\\\/#breadcrumb\"},\"inLanguage\":\"en-CA\",\"potentialAction\":[{\"@type\":\"ReadAction\",\"target\":[\"https:\\\/\\\/www.greffecheveuxpai.com\\\/en\\\/hair-loss-products\\\/\"]}]},{\"@type\":\"ImageObject\",\"inLanguage\":\"en-CA\",\"@id\":\"https:\\\/\\\/www.greffecheveuxpai.com\\\/en\\\/hair-loss-products\\\/#primaryimage\",\"url\":\"https:\\\/\\\/www.greffecheveuxpai.com\\\/wp-content\\\/uploads\\\/2023\\\/08\\\/capilactif-1024x744.png\",\"contentUrl\":\"https:\\\/\\\/www.greffecheveuxpai.com\\\/wp-content\\\/uploads\\\/2023\\\/08\\\/capilactif-1024x744.png\"},{\"@type\":\"BreadcrumbList\",\"@id\":\"https:\\\/\\\/www.greffecheveuxpai.com\\\/en\\\/hair-loss-products\\\/#breadcrumb\",\"itemListElement\":[{\"@type\":\"ListItem\",\"position\":1,\"name\":\"Home\",\"item\":\"https:\\\/\\\/www.greffecheveuxpai.com\\\/en\\\/\"},{\"@type\":\"ListItem\",\"position\":2,\"name\":\"Hair Care Products\"}]},{\"@type\":\"WebSite\",\"@id\":\"https:\\\/\\\/www.greffecheveuxpai.com\\\/en\\\/#website\",\"url\":\"https:\\\/\\\/www.greffecheveuxpai.com\\\/en\\\/\",\"name\":\"Groupe M\u00e9dical PAI\",\"description\":\"La r\u00e9f\u00e9rence pour la greffe de cheveux\",\"publisher\":{\"@id\":\"https:\\\/\\\/www.greffecheveuxpai.com\\\/en\\\/#organization\"},\"potentialAction\":[{\"@type\":\"SearchAction\",\"target\":{\"@type\":\"EntryPoint\",\"urlTemplate\":\"https:\\\/\\\/www.greffecheveuxpai.com\\\/en\\\/?s={search_term_string}\"},\"query-input\":{\"@type\":\"PropertyValueSpecification\",\"valueRequired\":true,\"valueName\":\"search_term_string\"}}],\"inLanguage\":\"en-CA\"},{\"@type\":\"Organization\",\"@id\":\"https:\\\/\\\/www.greffecheveuxpai.com\\\/en\\\/#organization\",\"name\":\"Greffe de cheveux PAI\",\"alternateName\":\"Greffe de cheveux PAI\",\"url\":\"https:\\\/\\\/www.greffecheveuxpai.com\\\/en\\\/\",\"logo\":{\"@type\":\"ImageObject\",\"inLanguage\":\"en-CA\",\"@id\":\"https:\\\/\\\/www.greffecheveuxpai.com\\\/en\\\/#\\\/schema\\\/logo\\\/image\\\/\",\"url\":\"https:\\\/\\\/www.greffecheveuxpai.com\\\/wp-content\\\/uploads\\\/2023\\\/06\\\/groupe-medical-pai-logo.svg.svg\",\"contentUrl\":\"https:\\\/\\\/www.greffecheveuxpai.com\\\/wp-content\\\/uploads\\\/2023\\\/06\\\/groupe-medical-pai-logo.svg.svg\",\"width\":188,\"height\":48,\"caption\":\"Greffe de cheveux PAI\"},\"image\":{\"@id\":\"https:\\\/\\\/www.greffecheveuxpai.com\\\/en\\\/#\\\/schema\\\/logo\\\/image\\\/\"},\"sameAs\":[\"https:\\\/\\\/www.facebook.com\\\/GroupeMedicalPAI\",\"https:\\\/\\\/www.youtube.com\\\/channel\\\/UCUiL9NKQApQK6TFB2Ee9y3A\",\"http:\\\/\\\/fr.yelp.ca\\\/biz\\\/greffe-de-cheveux-pai-saint-hubert\"]}]}<\/script>\n<!-- \/ Yoast SEO plugin. -->","yoast_head_json":{"title":"Hair Products against Hair Loss | PAI Medical Group","description":"Looking for hair loss products? We offer Capil'actif and Capilicare products that can help slow hair loss.","robots":{"index":"index","follow":"follow","max-snippet":"max-snippet:-1","max-image-preview":"max-image-preview:large","max-video-preview":"max-video-preview:-1"},"canonical":"https:\/\/www.greffecheveuxpai.com\/en\/hair-loss-products\/","og_locale":"en_US","og_type":"article","og_title":"Hair Products against Hair Loss | PAI Medical Group","og_description":"Looking for hair loss products? We offer Capil'actif and Capilicare products that can help slow hair loss.","og_url":"https:\/\/www.greffecheveuxpai.com\/en\/hair-loss-products\/","og_site_name":"Groupe M\u00e9dical PAI","article_publisher":"https:\/\/www.facebook.com\/GroupeMedicalPAI","article_modified_time":"2023-10-02T14:10:52+00:00","og_image":[{"url":"https:\/\/www.greffecheveuxpai.com\/wp-content\/uploads\/2023\/08\/capilactif-1024x744.png","type":"","width":"","height":""}],"twitter_card":"summary_large_image","twitter_misc":{"Est. reading time":"1 minute"},"schema":{"@context":"https:\/\/schema.org","@graph":[{"@type":"WebPage","@id":"https:\/\/www.greffecheveuxpai.com\/en\/hair-loss-products\/","url":"https:\/\/www.greffecheveuxpai.com\/en\/hair-loss-products\/","name":"Hair Products against Hair Loss | PAI Medical Group","isPartOf":{"@id":"https:\/\/www.greffecheveuxpai.com\/en\/#website"},"primaryImageOfPage":{"@id":"https:\/\/www.greffecheveuxpai.com\/en\/hair-loss-products\/#primaryimage"},"image":{"@id":"https:\/\/www.greffecheveuxpai.com\/en\/hair-loss-products\/#primaryimage"},"thumbnailUrl":"https:\/\/www.greffecheveuxpai.com\/wp-content\/uploads\/2023\/08\/capilactif-1024x744.png","datePublished":"2023-08-23T17:13:38+00:00","dateModified":"2023-10-02T14:10:52+00:00","description":"Looking for hair loss products? We offer Capil'actif and Capilicare products that can help slow hair loss.","breadcrumb":{"@id":"https:\/\/www.greffecheveuxpai.com\/en\/hair-loss-products\/#breadcrumb"},"inLanguage":"en-CA","potentialAction":[{"@type":"ReadAction","target":["https:\/\/www.greffecheveuxpai.com\/en\/hair-loss-products\/"]}]},{"@type":"ImageObject","inLanguage":"en-CA","@id":"https:\/\/www.greffecheveuxpai.com\/en\/hair-loss-products\/#primaryimage","url":"https:\/\/www.greffecheveuxpai.com\/wp-content\/uploads\/2023\/08\/capilactif-1024x744.png","contentUrl":"https:\/\/www.greffecheveuxpai.com\/wp-content\/uploads\/2023\/08\/capilactif-1024x744.png"},{"@type":"BreadcrumbList","@id":"https:\/\/www.greffecheveuxpai.com\/en\/hair-loss-products\/#breadcrumb","itemListElement":[{"@type":"ListItem","position":1,"name":"Home","item":"https:\/\/www.greffecheveuxpai.com\/en\/"},{"@type":"ListItem","position":2,"name":"Hair Care Products"}]},{"@type":"WebSite","@id":"https:\/\/www.greffecheveuxpai.com\/en\/#website","url":"https:\/\/www.greffecheveuxpai.com\/en\/","name":"Groupe M\u00e9dical PAI","description":"La r\u00e9f\u00e9rence pour la greffe de cheveux","publisher":{"@id":"https:\/\/www.greffecheveuxpai.com\/en\/#organization"},"potentialAction":[{"@type":"SearchAction","target":{"@type":"EntryPoint","urlTemplate":"https:\/\/www.greffecheveuxpai.com\/en\/?s={search_term_string}"},"query-input":{"@type":"PropertyValueSpecification","valueRequired":true,"valueName":"search_term_string"}}],"inLanguage":"en-CA"},{"@type":"Organization","@id":"https:\/\/www.greffecheveuxpai.com\/en\/#organization","name":"Greffe de cheveux PAI","alternateName":"Greffe de cheveux PAI","url":"https:\/\/www.greffecheveuxpai.com\/en\/","logo":{"@type":"ImageObject","inLanguage":"en-CA","@id":"https:\/\/www.greffecheveuxpai.com\/en\/#\/schema\/logo\/image\/","url":"https:\/\/www.greffecheveuxpai.com\/wp-content\/uploads\/2023\/06\/groupe-medical-pai-logo.svg.svg","contentUrl":"https:\/\/www.greffecheveuxpai.com\/wp-content\/uploads\/2023\/06\/groupe-medical-pai-logo.svg.svg","width":188,"height":48,"caption":"Greffe de cheveux PAI"},"image":{"@id":"https:\/\/www.greffecheveuxpai.com\/en\/#\/schema\/logo\/image\/"},"sameAs":["https:\/\/www.facebook.com\/GroupeMedicalPAI","https:\/\/www.youtube.com\/channel\/UCUiL9NKQApQK6TFB2Ee9y3A","http:\/\/fr.yelp.ca\/biz\/greffe-de-cheveux-pai-saint-hubert"]}]}},"_links":{"self":[{"href":"https:\/\/www.greffecheveuxpai.com\/en\/wp-json\/wp\/v2\/pages\/26654","targetHints":{"allow":["GET"]}}],"collection":[{"href":"https:\/\/www.greffecheveuxpai.com\/en\/wp-json\/wp\/v2\/pages"}],"about":[{"href":"https:\/\/www.greffecheveuxpai.com\/en\/wp-json\/wp\/v2\/types\/page"}],"author":[{"embeddable":true,"href":"https:\/\/www.greffecheveuxpai.com\/en\/wp-json\/wp\/v2\/users\/1"}],"replies":[{"embeddable":true,"href":"https:\/\/www.greffecheveuxpai.com\/en\/wp-json\/wp\/v2\/comments?post=26654"}],"version-history":[{"count":0,"href":"https:\/\/www.greffecheveuxpai.com\/en\/wp-json\/wp\/v2\/pages\/26654\/revisions"}],"wp:attachment":[{"href":"https:\/\/www.greffecheveuxpai.com\/en\/wp-json\/wp\/v2\/media?parent=26654"}],"curies":[{"name":"wp","href":"https:\/\/api.w.org\/{rel}","templated":true}]}}