{"id":30011,"date":"2024-10-21T10:48:48","date_gmt":"2024-10-21T14:48:48","guid":{"rendered":"https:\/\/www.greffecheveuxpai.com\/?page_id=30011"},"modified":"2024-10-21T12:24:57","modified_gmt":"2024-10-21T16:24:57","slug":"consultation-office-laval","status":"publish","type":"page","link":"https:\/\/www.greffecheveuxpai.com\/en\/consultation-office-laval\/","title":{"rendered":"Contact Laval"},"content":{"rendered":"\t\t<div data-elementor-type=\"wp-page\" data-elementor-id=\"30011\" class=\"elementor elementor-30011\" data-elementor-post-type=\"page\">\n\t\t\t\t\t\t<section class=\"elementor-section elementor-top-section elementor-element elementor-element-53e0ebd elementor-section-boxed elementor-section-height-default elementor-section-height-default\" data-id=\"53e0ebd\" data-element_type=\"section\" data-e-type=\"section\">\n\t\t\t\t\t\t<div class=\"elementor-container elementor-column-gap-default\">\n\t\t\t\t\t<div class=\"elementor-column elementor-col-100 elementor-top-column elementor-element elementor-element-e3a67c3\" data-id=\"e3a67c3\" data-element_type=\"column\" data-e-type=\"column\">\n\t\t\t<div class=\"elementor-widget-wrap elementor-element-populated\">\n\t\t\t\t\t\t<div class=\"elementor-element elementor-element-89da327 elementor--h-position-left elementor--v-position-middle elementor-arrows-position-inside elementor-pagination-position-inside elementor-widget elementor-widget-slides\" data-id=\"89da327\" data-element_type=\"widget\" data-e-type=\"widget\" data-settings=\"{&quot;navigation&quot;:&quot;both&quot;,&quot;autoplay&quot;:&quot;yes&quot;,&quot;pause_on_hover&quot;:&quot;yes&quot;,&quot;pause_on_interaction&quot;:&quot;yes&quot;,&quot;autoplay_speed&quot;:5000,&quot;infinite&quot;:&quot;yes&quot;,&quot;transition&quot;:&quot;slide&quot;,&quot;transition_speed&quot;:500}\" data-widget_type=\"slides.default\">\n\t\t\t\t<div class=\"elementor-widget-container\">\n\t\t\t\t\t\t\t\t\t<div class=\"elementor-swiper\">\n\t\t\t\t\t<div class=\"elementor-slides-wrapper elementor-main-swiper swiper\" role=\"region\" aria-roledescription=\"carousel\" aria-label=\"Slides\" dir=\"ltr\" data-animation=\"fadeInUp\">\n\t\t\t\t<div class=\"swiper-wrapper elementor-slides\">\n\t\t\t\t\t\t\t\t\t\t<div class=\"elementor-repeater-item-d688a29 swiper-slide\" role=\"group\" aria-roledescription=\"slide\"><div class=\"swiper-slide-bg\" role=\"img\" aria-label=\"clinique\"><\/div><div class=\"elementor-background-overlay\"><\/div><div class=\"swiper-slide-inner\" ><div class=\"swiper-slide-contents\"><div class=\"elementor-slide-description\">\n<h1>Hair Transplant Laval<\/h1><\/div><\/div><\/div><\/div>\t\t\t\t<\/div>\n\t\t\t\t\t\t\t<\/div>\n\t\t\t\t<\/div>\n\t\t\t\t\t\t\t\t<\/div>\n\t\t\t\t<\/div>\n\t\t\t\t\t<\/div>\n\t\t<\/div>\n\t\t\t\t\t<\/div>\n\t\t<\/section>\n\t\t\t\t<section class=\"elementor-section elementor-top-section elementor-element elementor-element-7b480d7 elementor-section-full_width elementor-section-height-default elementor-section-height-default\" data-id=\"7b480d7\" data-element_type=\"section\" data-e-type=\"section\">\n\t\t\t\t\t\t<div class=\"elementor-container elementor-column-gap-default\">\n\t\t\t\t\t<div class=\"elementor-column elementor-col-66 elementor-top-column elementor-element elementor-element-b36acd2\" data-id=\"b36acd2\" data-element_type=\"column\" data-e-type=\"column\" data-settings=\"{&quot;background_background&quot;:&quot;classic&quot;}\">\n\t\t\t<div class=\"elementor-widget-wrap elementor-element-populated\">\n\t\t\t\t\t\t<section class=\"elementor-section elementor-inner-section elementor-element elementor-element-42f0b51 contact-info elementor-section-boxed elementor-section-height-default elementor-section-height-default\" data-id=\"42f0b51\" data-element_type=\"section\" data-e-type=\"section\">\n\t\t\t\t\t\t<div class=\"elementor-container elementor-column-gap-default\">\n\t\t\t\t\t<div class=\"elementor-column elementor-col-100 elementor-inner-column elementor-element elementor-element-3853818\" data-id=\"3853818\" data-element_type=\"column\" data-e-type=\"column\">\n\t\t\t<div class=\"elementor-widget-wrap elementor-element-populated\">\n\t\t\t\t\t\t<div class=\"elementor-element elementor-element-834d9bf elementor-widget elementor-widget-image\" data-id=\"834d9bf\" data-element_type=\"widget\" data-e-type=\"widget\" data-widget_type=\"image.default\">\n\t\t\t\t<div class=\"elementor-widget-container\">\n\t\t\t\t\t\t\t\t\t\t\t\t\t\t\t<img fetchpriority=\"high\" decoding=\"async\" width=\"1024\" height=\"261\" src=\"https:\/\/www.greffecheveuxpai.com\/wp-content\/uploads\/2023\/06\/groupe-medical-pai-logo.svg.svg\" class=\"attachment-large size-large wp-image-24265\" alt=\"Le Groupe M\u00e9dical PAI, la r\u00e9f\u00e9rence pour la greffe de cheveux\" \/>\t\t\t\t\t\t\t\t\t\t\t\t\t\t\t<\/div>\n\t\t\t\t<\/div>\n\t\t\t\t<div class=\"elementor-element elementor-element-663ac16 bureau elementor-widget elementor-widget-heading\" data-id=\"663ac16\" data-element_type=\"widget\" data-e-type=\"widget\" data-widget_type=\"heading.default\">\n\t\t\t\t<div class=\"elementor-widget-container\">\n\t\t\t\t\t<h3 class=\"elementor-heading-title elementor-size-default\">Consultation office and clinic<br><span style=\"color:#000\">Laval<\/span><\/h3>\t\t\t\t<\/div>\n\t\t\t\t<\/div>\n\t\t\t\t<div class=\"elementor-element elementor-element-8c9ebc0 elementor-widget elementor-widget-text-editor\" data-id=\"8c9ebc0\" data-element_type=\"widget\" data-e-type=\"widget\" data-widget_type=\"text-editor.default\">\n\t\t\t\t<div class=\"elementor-widget-container\">\n\t\t\t\t\t\t\t\t\t<p>Our team at the PAI Medical Group Laval Center wants you to be completely satisfied with your experience and the trust you have placed in us. Our goal is to meet your needs and expectations and provide you with the new look and image you want.<\/p>\t\t\t\t\t\t\t\t<\/div>\n\t\t\t\t<\/div>\n\t\t\t\t\t<\/div>\n\t\t<\/div>\n\t\t\t\t\t<\/div>\n\t\t<\/section>\n\t\t\t\t\t<\/div>\n\t\t<\/div>\n\t\t\t\t<div class=\"elementor-column elementor-col-33 elementor-top-column elementor-element elementor-element-1326253 elementor-hidden-tablet elementor-hidden-mobile\" data-id=\"1326253\" data-element_type=\"column\" data-e-type=\"column\" data-settings=\"{&quot;background_background&quot;:&quot;classic&quot;}\">\n\t\t\t<div class=\"elementor-widget-wrap elementor-element-populated\">\n\t\t\t\t\t\t<div class=\"elementor-element elementor-element-244a59f elementor-widget elementor-widget-image\" data-id=\"244a59f\" data-element_type=\"widget\" data-e-type=\"widget\" data-widget_type=\"image.default\">\n\t\t\t\t<div class=\"elementor-widget-container\">\n\t\t\t\t\t\t\t\t\t\t\t\t\t\t\t<img decoding=\"async\" width=\"984\" height=\"1995\" src=\"https:\/\/www.greffecheveuxpai.com\/wp-content\/uploads\/2023\/07\/satisfaction-de-notre-clientele.jpg\" class=\"attachment-full size-full wp-image-25465\" alt=\"La satisfaction de notre client\u00e8le est notre priorit\u00e9\" srcset=\"https:\/\/www.greffecheveuxpai.com\/wp-content\/uploads\/2023\/07\/satisfaction-de-notre-clientele.jpg 984w, https:\/\/www.greffecheveuxpai.com\/wp-content\/uploads\/2023\/07\/satisfaction-de-notre-clientele-148x300.jpg 148w, https:\/\/www.greffecheveuxpai.com\/wp-content\/uploads\/2023\/07\/satisfaction-de-notre-clientele-505x1024.jpg 505w, https:\/\/www.greffecheveuxpai.com\/wp-content\/uploads\/2023\/07\/satisfaction-de-notre-clientele-768x1557.jpg 768w, https:\/\/www.greffecheveuxpai.com\/wp-content\/uploads\/2023\/07\/satisfaction-de-notre-clientele-758x1536.jpg 758w\" sizes=\"(max-width: 984px) 100vw, 984px\" \/>\t\t\t\t\t\t\t\t\t\t\t\t\t\t\t<\/div>\n\t\t\t\t<\/div>\n\t\t\t\t<div class=\"elementor-element elementor-element-02ace97 elementor-widget elementor-widget-image\" data-id=\"02ace97\" data-element_type=\"widget\" data-e-type=\"widget\" data-widget_type=\"image.default\">\n\t\t\t\t<div class=\"elementor-widget-container\">\n\t\t\t\t\t\t\t\t\t\t\t\t\t\t\t<img decoding=\"async\" width=\"615\" height=\"636\" src=\"https:\/\/www.greffecheveuxpai.com\/wp-content\/uploads\/2023\/07\/pattern-test.png\" class=\"attachment-full size-full wp-image-25473\" alt=\"Motif\" srcset=\"https:\/\/www.greffecheveuxpai.com\/wp-content\/uploads\/2023\/07\/pattern-test.png 615w, https:\/\/www.greffecheveuxpai.com\/wp-content\/uploads\/2023\/07\/pattern-test-290x300.png 290w\" sizes=\"(max-width: 615px) 100vw, 615px\" \/>\t\t\t\t\t\t\t\t\t\t\t\t\t\t\t<\/div>\n\t\t\t\t<\/div>\n\t\t\t\t\t<\/div>\n\t\t<\/div>\n\t\t\t\t\t<\/div>\n\t\t<\/section>\n\t\t\t\t<\/div>\n\t\t","protected":false},"excerpt":{"rendered":"<p>Hair Transplant Laval Consultation office and clinicLaval Our team at the PAI Medical Group Laval Center wants you to be completely satisfied with your experience and the trust you have placed in us. Our goal is to meet your needs and expectations and provide you with the new look and image you want.<\/p>\n","protected":false},"author":1,"featured_media":0,"parent":0,"menu_order":0,"comment_status":"closed","ping_status":"closed","template":"","meta":{"inline_featured_image":false,"site-sidebar-layout":"no-sidebar","site-content-layout":"page-builder","ast-site-content-layout":"full-width-container","site-content-style":"default","site-sidebar-style":"default","ast-global-header-display":"","ast-banner-title-visibility":"","ast-main-header-display":"","ast-hfb-above-header-display":"","ast-hfb-below-header-display":"","ast-hfb-mobile-header-display":"","site-post-title":"disabled","ast-breadcrumbs-content":"","ast-featured-img":"disabled","footer-sml-layout":"","ast-disable-related-posts":"","theme-transparent-header-meta":"default","adv-header-id-meta":"","stick-header-meta":"default","header-above-stick-meta":"","header-main-stick-meta":"","header-below-stick-meta":"","astra-migrate-meta-layouts":"set","ast-page-background-enabled":"default","ast-page-background-meta":{"desktop":{"background-color":"var(--ast-global-color-4)","background-image":"","background-repeat":"repeat","background-position":"center center","background-size":"auto","background-attachment":"scroll","background-type":"","background-media":"","overlay-type":"","overlay-color":"","overlay-opacity":"","overlay-gradient":""},"tablet":{"background-color":"","background-image":"","background-repeat":"repeat","background-position":"center center","background-size":"auto","background-attachment":"scroll","background-type":"","background-media":"","overlay-type":"","overlay-color":"","overlay-opacity":"","overlay-gradient":""},"mobile":{"background-color":"","background-image":"","background-repeat":"repeat","background-position":"center center","background-size":"auto","background-attachment":"scroll","background-type":"","background-media":"","overlay-type":"","overlay-color":"","overlay-opacity":"","overlay-gradient":""}},"ast-content-background-meta":{"desktop":{"background-color":"var(--ast-global-color-5)","background-image":"","background-repeat":"repeat","background-position":"center center","background-size":"auto","background-attachment":"scroll","background-type":"","background-media":"","overlay-type":"","overlay-color":"","overlay-opacity":"","overlay-gradient":""},"tablet":{"background-color":"var(--ast-global-color-5)","background-image":"","background-repeat":"repeat","background-position":"center center","background-size":"auto","background-attachment":"scroll","background-type":"","background-media":"","overlay-type":"","overlay-color":"","overlay-opacity":"","overlay-gradient":""},"mobile":{"background-color":"var(--ast-global-color-5)","background-image":"","background-repeat":"repeat","background-position":"center center","background-size":"auto","background-attachment":"scroll","background-type":"","background-media":"","overlay-type":"","overlay-color":"","overlay-opacity":"","overlay-gradient":""}},"footnotes":""},"class_list":["post-30011","page","type-page","status-publish","hentry"],"yoast_head":"<!-- This site is optimized with the Yoast SEO plugin v27.2 - https:\/\/yoast.com\/product\/yoast-seo-wordpress\/ -->\n<title>Hair Transplant Clinic of Laval | PAI Medical Group<\/title>\n<meta name=\"description\" content=\"Contact our hair transplant clinic in Laval. Communicate with us and schedule a consultation with one of our PAI Medical Group hair specialists today!\" \/>\n<meta name=\"robots\" content=\"index, follow, max-snippet:-1, max-image-preview:large, max-video-preview:-1\" \/>\n<link rel=\"canonical\" href=\"https:\/\/www.greffecheveuxpai.com\/en\/consultation-office-laval\/\" \/>\n<meta property=\"og:locale\" content=\"en_US\" \/>\n<meta property=\"og:type\" content=\"article\" \/>\n<meta property=\"og:title\" content=\"Hair Transplant Clinic of Laval | PAI Medical Group\" \/>\n<meta property=\"og:description\" content=\"Contact our hair transplant clinic in Laval. Communicate with us and schedule a consultation with one of our PAI Medical Group hair specialists today!\" \/>\n<meta property=\"og:url\" content=\"https:\/\/www.greffecheveuxpai.com\/en\/consultation-office-laval\/\" \/>\n<meta property=\"og:site_name\" content=\"Groupe M\u00e9dical PAI\" \/>\n<meta property=\"article:publisher\" content=\"https:\/\/www.facebook.com\/GroupeMedicalPAI\" \/>\n<meta property=\"article:modified_time\" content=\"2024-10-21T16:24:57+00:00\" \/>\n<meta name=\"twitter:card\" content=\"summary_large_image\" \/>\n<meta name=\"twitter:label1\" content=\"Est. reading time\" \/>\n\t<meta name=\"twitter:data1\" content=\"1 minute\" \/>\n<script type=\"application\/ld+json\" class=\"yoast-schema-graph\">{\"@context\":\"https:\/\/schema.org\",\"@graph\":[{\"@type\":\"WebPage\",\"@id\":\"https:\/\/www.greffecheveuxpai.com\/en\/consultation-office-laval\/\",\"url\":\"https:\/\/www.greffecheveuxpai.com\/en\/consultation-office-laval\/\",\"name\":\"Hair Transplant Clinic of Laval | PAI Medical Group\",\"isPartOf\":{\"@id\":\"https:\/\/www.greffecheveuxpai.com\/en\/#website\"},\"primaryImageOfPage\":{\"@id\":\"https:\/\/www.greffecheveuxpai.com\/en\/consultation-office-laval\/#primaryimage\"},\"image\":{\"@id\":\"https:\/\/www.greffecheveuxpai.com\/en\/consultation-office-laval\/#primaryimage\"},\"thumbnailUrl\":\"https:\/\/www.greffecheveuxpai.com\/wp-content\/uploads\/2023\/06\/groupe-medical-pai-logo.svg.svg\",\"datePublished\":\"2024-10-21T14:48:48+00:00\",\"dateModified\":\"2024-10-21T16:24:57+00:00\",\"description\":\"Contact our hair transplant clinic in Laval. Communicate with us and schedule a consultation with one of our PAI Medical Group hair specialists today!\",\"breadcrumb\":{\"@id\":\"https:\/\/www.greffecheveuxpai.com\/en\/consultation-office-laval\/#breadcrumb\"},\"inLanguage\":\"en-CA\",\"potentialAction\":[{\"@type\":\"ReadAction\",\"target\":[\"https:\/\/www.greffecheveuxpai.com\/en\/consultation-office-laval\/\"]}]},{\"@type\":\"ImageObject\",\"inLanguage\":\"en-CA\",\"@id\":\"https:\/\/www.greffecheveuxpai.com\/en\/consultation-office-laval\/#primaryimage\",\"url\":\"https:\/\/www.greffecheveuxpai.com\/wp-content\/uploads\/2023\/06\/groupe-medical-pai-logo.svg.svg\",\"contentUrl\":\"https:\/\/www.greffecheveuxpai.com\/wp-content\/uploads\/2023\/06\/groupe-medical-pai-logo.svg.svg\"},{\"@type\":\"BreadcrumbList\",\"@id\":\"https:\/\/www.greffecheveuxpai.com\/en\/consultation-office-laval\/#breadcrumb\",\"itemListElement\":[{\"@type\":\"ListItem\",\"position\":1,\"name\":\"Home\",\"item\":\"https:\/\/www.greffecheveuxpai.com\/en\/\"},{\"@type\":\"ListItem\",\"position\":2,\"name\":\"Contact Laval\"}]},{\"@type\":\"WebSite\",\"@id\":\"https:\/\/www.greffecheveuxpai.com\/en\/#website\",\"url\":\"https:\/\/www.greffecheveuxpai.com\/en\/\",\"name\":\"Groupe M\u00e9dical PAI\",\"description\":\"La r\u00e9f\u00e9rence pour la greffe de cheveux\",\"publisher\":{\"@id\":\"https:\/\/www.greffecheveuxpai.com\/en\/#organization\"},\"potentialAction\":[{\"@type\":\"SearchAction\",\"target\":{\"@type\":\"EntryPoint\",\"urlTemplate\":\"https:\/\/www.greffecheveuxpai.com\/en\/?s={search_term_string}\"},\"query-input\":{\"@type\":\"PropertyValueSpecification\",\"valueRequired\":true,\"valueName\":\"search_term_string\"}}],\"inLanguage\":\"en-CA\"},{\"@type\":\"Organization\",\"@id\":\"https:\/\/www.greffecheveuxpai.com\/en\/#organization\",\"name\":\"Greffe de cheveux PAI\",\"alternateName\":\"Greffe de cheveux PAI\",\"url\":\"https:\/\/www.greffecheveuxpai.com\/en\/\",\"logo\":{\"@type\":\"ImageObject\",\"inLanguage\":\"en-CA\",\"@id\":\"https:\/\/www.greffecheveuxpai.com\/en\/#\/schema\/logo\/image\/\",\"url\":\"https:\/\/www.greffecheveuxpai.com\/wp-content\/uploads\/2023\/06\/groupe-medical-pai-logo.svg.svg\",\"contentUrl\":\"https:\/\/www.greffecheveuxpai.com\/wp-content\/uploads\/2023\/06\/groupe-medical-pai-logo.svg.svg\",\"width\":188,\"height\":48,\"caption\":\"Greffe de cheveux PAI\"},\"image\":{\"@id\":\"https:\/\/www.greffecheveuxpai.com\/en\/#\/schema\/logo\/image\/\"},\"sameAs\":[\"https:\/\/www.facebook.com\/GroupeMedicalPAI\",\"https:\/\/www.youtube.com\/channel\/UCUiL9NKQApQK6TFB2Ee9y3A\",\"http:\/\/fr.yelp.ca\/biz\/greffe-de-cheveux-pai-saint-hubert\"]}]}<\/script>\n<!-- \/ Yoast SEO plugin. -->","yoast_head_json":{"title":"Hair Transplant Clinic of Laval | PAI Medical Group","description":"Contact our hair transplant clinic in Laval. Communicate with us and schedule a consultation with one of our PAI Medical Group hair specialists today!","robots":{"index":"index","follow":"follow","max-snippet":"max-snippet:-1","max-image-preview":"max-image-preview:large","max-video-preview":"max-video-preview:-1"},"canonical":"https:\/\/www.greffecheveuxpai.com\/en\/consultation-office-laval\/","og_locale":"en_US","og_type":"article","og_title":"Hair Transplant Clinic of Laval | PAI Medical Group","og_description":"Contact our hair transplant clinic in Laval. Communicate with us and schedule a consultation with one of our PAI Medical Group hair specialists today!","og_url":"https:\/\/www.greffecheveuxpai.com\/en\/consultation-office-laval\/","og_site_name":"Groupe M\u00e9dical PAI","article_publisher":"https:\/\/www.facebook.com\/GroupeMedicalPAI","article_modified_time":"2024-10-21T16:24:57+00:00","twitter_card":"summary_large_image","twitter_misc":{"Est. reading time":"1 minute"},"schema":{"@context":"https:\/\/schema.org","@graph":[{"@type":"WebPage","@id":"https:\/\/www.greffecheveuxpai.com\/en\/consultation-office-laval\/","url":"https:\/\/www.greffecheveuxpai.com\/en\/consultation-office-laval\/","name":"Hair Transplant Clinic of Laval | PAI Medical Group","isPartOf":{"@id":"https:\/\/www.greffecheveuxpai.com\/en\/#website"},"primaryImageOfPage":{"@id":"https:\/\/www.greffecheveuxpai.com\/en\/consultation-office-laval\/#primaryimage"},"image":{"@id":"https:\/\/www.greffecheveuxpai.com\/en\/consultation-office-laval\/#primaryimage"},"thumbnailUrl":"https:\/\/www.greffecheveuxpai.com\/wp-content\/uploads\/2023\/06\/groupe-medical-pai-logo.svg.svg","datePublished":"2024-10-21T14:48:48+00:00","dateModified":"2024-10-21T16:24:57+00:00","description":"Contact our hair transplant clinic in Laval. Communicate with us and schedule a consultation with one of our PAI Medical Group hair specialists today!","breadcrumb":{"@id":"https:\/\/www.greffecheveuxpai.com\/en\/consultation-office-laval\/#breadcrumb"},"inLanguage":"en-CA","potentialAction":[{"@type":"ReadAction","target":["https:\/\/www.greffecheveuxpai.com\/en\/consultation-office-laval\/"]}]},{"@type":"ImageObject","inLanguage":"en-CA","@id":"https:\/\/www.greffecheveuxpai.com\/en\/consultation-office-laval\/#primaryimage","url":"https:\/\/www.greffecheveuxpai.com\/wp-content\/uploads\/2023\/06\/groupe-medical-pai-logo.svg.svg","contentUrl":"https:\/\/www.greffecheveuxpai.com\/wp-content\/uploads\/2023\/06\/groupe-medical-pai-logo.svg.svg"},{"@type":"BreadcrumbList","@id":"https:\/\/www.greffecheveuxpai.com\/en\/consultation-office-laval\/#breadcrumb","itemListElement":[{"@type":"ListItem","position":1,"name":"Home","item":"https:\/\/www.greffecheveuxpai.com\/en\/"},{"@type":"ListItem","position":2,"name":"Contact Laval"}]},{"@type":"WebSite","@id":"https:\/\/www.greffecheveuxpai.com\/en\/#website","url":"https:\/\/www.greffecheveuxpai.com\/en\/","name":"Groupe M\u00e9dical PAI","description":"La r\u00e9f\u00e9rence pour la greffe de cheveux","publisher":{"@id":"https:\/\/www.greffecheveuxpai.com\/en\/#organization"},"potentialAction":[{"@type":"SearchAction","target":{"@type":"EntryPoint","urlTemplate":"https:\/\/www.greffecheveuxpai.com\/en\/?s={search_term_string}"},"query-input":{"@type":"PropertyValueSpecification","valueRequired":true,"valueName":"search_term_string"}}],"inLanguage":"en-CA"},{"@type":"Organization","@id":"https:\/\/www.greffecheveuxpai.com\/en\/#organization","name":"Greffe de cheveux PAI","alternateName":"Greffe de cheveux PAI","url":"https:\/\/www.greffecheveuxpai.com\/en\/","logo":{"@type":"ImageObject","inLanguage":"en-CA","@id":"https:\/\/www.greffecheveuxpai.com\/en\/#\/schema\/logo\/image\/","url":"https:\/\/www.greffecheveuxpai.com\/wp-content\/uploads\/2023\/06\/groupe-medical-pai-logo.svg.svg","contentUrl":"https:\/\/www.greffecheveuxpai.com\/wp-content\/uploads\/2023\/06\/groupe-medical-pai-logo.svg.svg","width":188,"height":48,"caption":"Greffe de cheveux PAI"},"image":{"@id":"https:\/\/www.greffecheveuxpai.com\/en\/#\/schema\/logo\/image\/"},"sameAs":["https:\/\/www.facebook.com\/GroupeMedicalPAI","https:\/\/www.youtube.com\/channel\/UCUiL9NKQApQK6TFB2Ee9y3A","http:\/\/fr.yelp.ca\/biz\/greffe-de-cheveux-pai-saint-hubert"]}]}},"_links":{"self":[{"href":"https:\/\/www.greffecheveuxpai.com\/en\/wp-json\/wp\/v2\/pages\/30011","targetHints":{"allow":["GET"]}}],"collection":[{"href":"https:\/\/www.greffecheveuxpai.com\/en\/wp-json\/wp\/v2\/pages"}],"about":[{"href":"https:\/\/www.greffecheveuxpai.com\/en\/wp-json\/wp\/v2\/types\/page"}],"author":[{"embeddable":true,"href":"https:\/\/www.greffecheveuxpai.com\/en\/wp-json\/wp\/v2\/users\/1"}],"replies":[{"embeddable":true,"href":"https:\/\/www.greffecheveuxpai.com\/en\/wp-json\/wp\/v2\/comments?post=30011"}],"version-history":[{"count":0,"href":"https:\/\/www.greffecheveuxpai.com\/en\/wp-json\/wp\/v2\/pages\/30011\/revisions"}],"wp:attachment":[{"href":"https:\/\/www.greffecheveuxpai.com\/en\/wp-json\/wp\/v2\/media?parent=30011"}],"curies":[{"name":"wp","href":"https:\/\/api.w.org\/{rel}","templated":true}]}}